{"id":221,"date":"2024-01-02T14:09:56","date_gmt":"2024-01-02T14:09:56","guid":{"rendered":"http:\/\/neu.jankowski-hausverwaltung.de\/?page_id=221"},"modified":"2024-01-18T09:17:02","modified_gmt":"2024-01-18T09:17:02","slug":"impressum","status":"publish","type":"page","link":"https:\/\/jankowski-hausverwaltung.de\/?page_id=221","title":{"rendered":"Impressum"},"content":{"rendered":"\t\t<div data-elementor-type=\"wp-page\" data-elementor-id=\"221\" class=\"elementor elementor-221\">\n\t\t\t\t<div class=\"elementor-element elementor-element-2aa5afb e-flex e-con-boxed e-con e-parent\" data-id=\"2aa5afb\" data-element_type=\"container\" data-e-type=\"container\">\n\t\t\t\t\t<div class=\"e-con-inner\">\n\t\t\t\t<div class=\"elementor-element elementor-element-53bbf04 elementor-widget elementor-widget-text-editor\" data-id=\"53bbf04\" data-element_type=\"widget\" data-e-type=\"widget\" data-widget_type=\"text-editor.default\">\n\t\t\t\t<div class=\"elementor-widget-container\">\n\t\t\t\t\t\t\t\t\t<p>J\u00f6rg Jankowski Hausverwaltung<\/p><p>Bl\u00e4\u00dfhuhnweg 15<\/p><p>13503 Berlin-Heiligensee<\/p><p>Telefon: \u00a0\u00a0\u00a0\u00a0\u00a0\u00a0\u00a0\u00a0\u00a0\u00a0\u00a0\u00a0 0049 (0)30 \/ 30 09 90 77 (Mieter)<\/p><p style=\"padding-left: 80px;\">\u00a0 \u00a0 \u00a0 0049 (0)30 \/ 43 74 92 56 (f\u00fcr Eigent\u00fcmer)<\/p><p>Mobil: \u00a0\u00a0\u00a0\u00a0\u00a0\u00a0\u00a0\u00a0\u00a0\u00a0\u00a0\u00a0\u00a0\u00a0\u00a0 0049 (0)177 \/ 93 90 533<\/p><p>E-Mail: info@jankowski-hausverwaltung.de<\/p><p>Internet: www.jankowski-hausverwaltung.de<\/p><p><strong>Steuer-Nr.<\/strong>: 17\/364\/61246<\/p><p><strong>Zust\u00e4ndige Aufsichtsbeh\u00f6rde gem. \u00a7 34c GewO:<\/strong><\/p><p>Bezirksamt Reinickendorf, L\u00fcbener Weg 26, 13407 Berlin<\/p><p><strong>Berufshaftpflichtversicherung:<\/strong><\/p><p>AXA Versicherung AG, 51067 K\u00f6ln<\/p><p>Deckungssumme 500.000,00 EUR je Versto\u00df<\/p><p><strong>Bildrechte:<\/strong>\u00a0<\/p><p>Bild von Uwe Baumann auf Pixabay (Schl\u00fcsselbund)<\/p><p>Bild von Harry Strauss auf Pixabay (Holzbaustein-Haus)<\/p><p>Bild von mastersenaiper auf Pixabay (Hand mit Schl\u00fcsselbund)<\/p><p>Bild von ninita_7 auf Pixabay (Briefk\u00e4sten)<\/p><p><strong>Disclaimer \u2013 rechtliche Hinweise<\/strong><\/p><p>\u00a7 1 Warnhinweis zu Inhalten<\/p><p>Die kostenlosen und frei zug\u00e4nglichen Inhalte dieser Webseite wurden mit gr\u00f6\u00dftm\u00f6glicher Sorgfalt erstellt. Der Anbieter dieser Webseite \u00fcbernimmt jedoch keine Gew\u00e4hr f\u00fcr die Richtigkeit und Aktualit\u00e4t der bereitgestellten kostenlosen und frei zug\u00e4nglichen journalistischen Ratgeber und Nachrichten. Namentlich gekennzeichnete Beitr\u00e4ge geben die Meinung des jeweiligen Autors und nicht immer die Meinung des Anbieters wieder. Allein durch den Aufruf der kostenlosen und frei zug\u00e4nglichen Inhalte kommt keinerlei Vertragsverh\u00e4ltnis zwischen dem Nutzer und dem Anbieter zustande, insoweit fehlt es am Rechtsbindungswillen des Anbieters.<\/p><p>\u00a7 2 Externe Links<\/p><p>Diese Website enth\u00e4lt ggf. Verkn\u00fcpfungen zu Websites Dritter (&#8222;externe Links&#8220;). Diese Websites unterliegen der Haftung der jeweiligen Betreiber. Der Anbieter hat bei der erstmaligen Verkn\u00fcpfung der externen Links die fremden Inhalte daraufhin \u00fcberpr\u00fcft, ob etwaige Rechtsverst\u00f6\u00dfe bestehen. Zu dem Zeitpunkt waren keine Rechtsverst\u00f6\u00dfe ersichtlich. Der Anbieter hat keinerlei Einfluss auf die aktuelle und zuk\u00fcnftige Gestaltung und auf die Inhalte der verkn\u00fcpften Seiten. Das Setzen von externen Links bedeutet nicht, dass sich der Anbieter die hinter dem Verweis oder Link liegenden Inhalte zu Eigen macht.<\/p><p>Eine st\u00e4ndige Kontrolle der externen Links ist f\u00fcr den Anbieter ohne konkrete Hinweise auf Rechtsverst\u00f6\u00dfe nicht zumutbar. Bei Kenntnis von Rechtsverst\u00f6\u00dfen werden jedoch derartige externe Links unverz\u00fcglich gel\u00f6scht.<\/p><p>\u00a7 3 Urheber- und Leistungsschutzrechte<\/p><p>Die auf dieser Website ver\u00f6ffentlichten Inhalte unterliegen dem deutschen Urheber- und Leistungsschutzrecht. Jede vom deutschen Urheber- und Leistungsschutzrecht nicht zugelassene\u00a0Verwertung bedarf der vorherigen schriftlichen Zustimmung des Anbieters oder jeweiligen Rechteinhabers. Dies gilt insbesondere f\u00fcr Vervielf\u00e4ltigung, Bearbeitung, \u00dcbersetzung, Einspeicherung, Verarbeitung bzw. Wiedergabe von Inhalten in Datenbanken oder anderen elektronischen Medien und Systemen. Inhalte und Rechte Dritter sind dabei als solche gekennzeichnet.<\/p><p>Die unerlaubte Vervielf\u00e4ltigung oder Weitergabe einzelner Inhalte oder kompletter Seiten ist nicht gestattet und strafbar. Lediglich die Herstellung von Kopien und Downloads f\u00fcr den pers\u00f6nlichen, privaten und nicht kommerziellen Gebrauch ist erlaubt. Die Darstellung dieser Website in fremden Frames ist nur mit schriftlicher Erlaubnis zul\u00e4ssig.<\/p><p>\u00a7 4 Besondere Nutzungsbedingungen<\/p><p>Soweit besondere Bedingungen f\u00fcr einzelne Nutzungen dieser Website von den vorgenannten Paragraphen abweichen, wird an entsprechender Stelle ausdr\u00fccklich darauf hingewiesen. In diesem Falle gelten im jeweiligen Einzelfall die besonderen Nutzungsbedingungen.<\/p><p>Quelle: www.juraforum.de<\/p>\t\t\t\t\t\t\t\t<\/div>\n\t\t\t\t<\/div>\n\t\t\t\t\t<\/div>\n\t\t\t\t<\/div>\n\t\t<div class=\"elementor-element elementor-element-f7c2679 e-flex e-con-boxed e-con e-parent\" data-id=\"f7c2679\" data-element_type=\"container\" data-e-type=\"container\">\n\t\t\t\t\t<div class=\"e-con-inner\">\n\t\t\t\t<div class=\"elementor-element elementor-element-236ed8a elementor-widget__width-inherit elementor-widget elementor-widget-image\" data-id=\"236ed8a\" data-element_type=\"widget\" data-e-type=\"widget\" data-widget_type=\"image.default\">\n\t\t\t\t<div class=\"elementor-widget-container\">\n\t\t\t\t\t\t\t\t\t\t\t\t\t\t\t<img fetchpriority=\"high\" decoding=\"async\" width=\"1024\" height=\"294\" src=\"https:\/\/jankowski-hausverwaltung.de\/wp-content\/uploads\/2023\/12\/Skyline-farbig-vom-Grafiker-als-Screenshot-20231228-1024x294.png\" class=\"attachment-large size-large wp-image-40\" alt=\"\" srcset=\"https:\/\/jankowski-hausverwaltung.de\/wp-content\/uploads\/2023\/12\/Skyline-farbig-vom-Grafiker-als-Screenshot-20231228-1024x294.png 1024w, https:\/\/jankowski-hausverwaltung.de\/wp-content\/uploads\/2023\/12\/Skyline-farbig-vom-Grafiker-als-Screenshot-20231228-300x86.png 300w, https:\/\/jankowski-hausverwaltung.de\/wp-content\/uploads\/2023\/12\/Skyline-farbig-vom-Grafiker-als-Screenshot-20231228-768x220.png 768w, https:\/\/jankowski-hausverwaltung.de\/wp-content\/uploads\/2023\/12\/Skyline-farbig-vom-Grafiker-als-Screenshot-20231228.png 1321w\" sizes=\"(max-width: 1024px) 100vw, 1024px\" \/>\t\t\t\t\t\t\t\t\t\t\t\t\t\t\t<\/div>\n\t\t\t\t<\/div>\n\t\t\t\t\t<\/div>\n\t\t\t\t<\/div>\n\t\t\t\t<\/div>\n\t\t","protected":false},"excerpt":{"rendered":"<p>J\u00f6rg Jankowski Hausverwaltung Bl\u00e4\u00dfhuhnweg 15 13503 Berlin-Heiligensee Telefon: \u00a0\u00a0\u00a0\u00a0\u00a0\u00a0\u00a0\u00a0\u00a0\u00a0\u00a0\u00a0 0049 (0)30 \/ 30 09 90 77 (Mieter) \u00a0 \u00a0 \u00a0 0049 (0)30 \/ 43 74 92 56 (f\u00fcr Eigent\u00fcmer) Mobil: \u00a0\u00a0\u00a0\u00a0\u00a0\u00a0\u00a0\u00a0\u00a0\u00a0\u00a0\u00a0\u00a0\u00a0\u00a0 0049 (0)177 \/ 93 90 533 E-Mail: info@jankowski-hausverwaltung.de Internet: www.jankowski-hausverwaltung.de Steuer-Nr.: 17\/364\/61246 Zust\u00e4ndige Aufsichtsbeh\u00f6rde gem. \u00a7 34c GewO: Bezirksamt Reinickendorf, L\u00fcbener Weg 26, 13407 [&hellip;]<\/p>\n","protected":false},"author":1,"featured_media":0,"parent":0,"menu_order":0,"comment_status":"closed","ping_status":"closed","template":"","meta":{"ocean_post_layout":"","ocean_both_sidebars_style":"","ocean_both_sidebars_content_width":0,"ocean_both_sidebars_sidebars_width":0,"ocean_sidebar":"","ocean_second_sidebar":"","ocean_disable_margins":"enable","ocean_add_body_class":"","ocean_shortcode_before_top_bar":"","ocean_shortcode_after_top_bar":"","ocean_shortcode_before_header":"","ocean_shortcode_after_header":"","ocean_has_shortcode":"","ocean_shortcode_after_title":"","ocean_shortcode_before_footer_widgets":"","ocean_shortcode_after_footer_widgets":"","ocean_shortcode_before_footer_bottom":"","ocean_shortcode_after_footer_bottom":"","ocean_display_top_bar":"default","ocean_display_header":"default","ocean_header_style":"","ocean_center_header_left_menu":"","ocean_custom_header_template":"","ocean_custom_logo":0,"ocean_custom_retina_logo":0,"ocean_custom_logo_max_width":0,"ocean_custom_logo_tablet_max_width":0,"ocean_custom_logo_mobile_max_width":0,"ocean_custom_logo_max_height":0,"ocean_custom_logo_tablet_max_height":0,"ocean_custom_logo_mobile_max_height":0,"ocean_header_custom_menu":"","ocean_menu_typo_font_family":"","ocean_menu_typo_font_subset":"","ocean_menu_typo_font_size":0,"ocean_menu_typo_font_size_tablet":0,"ocean_menu_typo_font_size_mobile":0,"ocean_menu_typo_font_size_unit":"px","ocean_menu_typo_font_weight":"","ocean_menu_typo_font_weight_tablet":"","ocean_menu_typo_font_weight_mobile":"","ocean_menu_typo_transform":"","ocean_menu_typo_transform_tablet":"","ocean_menu_typo_transform_mobile":"","ocean_menu_typo_line_height":0,"ocean_menu_typo_line_height_tablet":0,"ocean_menu_typo_line_height_mobile":0,"ocean_menu_typo_line_height_unit":"","ocean_menu_typo_spacing":0,"ocean_menu_typo_spacing_tablet":0,"ocean_menu_typo_spacing_mobile":0,"ocean_menu_typo_spacing_unit":"","ocean_menu_link_color":"","ocean_menu_link_color_hover":"","ocean_menu_link_color_active":"","ocean_menu_link_background":"","ocean_menu_link_hover_background":"","ocean_menu_link_active_background":"","ocean_menu_social_links_bg":"","ocean_menu_social_hover_links_bg":"","ocean_menu_social_links_color":"","ocean_menu_social_hover_links_color":"","ocean_disable_title":"default","ocean_disable_heading":"default","ocean_post_title":"","ocean_post_subheading":"","ocean_post_title_style":"","ocean_post_title_background_color":"","ocean_post_title_background":0,"ocean_post_title_bg_image_position":"","ocean_post_title_bg_image_attachment":"","ocean_post_title_bg_image_repeat":"","ocean_post_title_bg_image_size":"","ocean_post_title_height":0,"ocean_post_title_bg_overlay":0.5,"ocean_post_title_bg_overlay_color":"","ocean_disable_breadcrumbs":"default","ocean_breadcrumbs_color":"","ocean_breadcrumbs_separator_color":"","ocean_breadcrumbs_links_color":"","ocean_breadcrumbs_links_hover_color":"","ocean_display_footer_widgets":"default","ocean_display_footer_bottom":"default","ocean_custom_footer_template":"","footnotes":""},"class_list":["post-221","page","type-page","status-publish","hentry","entry"],"_links":{"self":[{"href":"https:\/\/jankowski-hausverwaltung.de\/index.php?rest_route=\/wp\/v2\/pages\/221"}],"collection":[{"href":"https:\/\/jankowski-hausverwaltung.de\/index.php?rest_route=\/wp\/v2\/pages"}],"about":[{"href":"https:\/\/jankowski-hausverwaltung.de\/index.php?rest_route=\/wp\/v2\/types\/page"}],"author":[{"embeddable":true,"href":"https:\/\/jankowski-hausverwaltung.de\/index.php?rest_route=\/wp\/v2\/users\/1"}],"replies":[{"embeddable":true,"href":"https:\/\/jankowski-hausverwaltung.de\/index.php?rest_route=%2Fwp%2Fv2%2Fcomments&post=221"}],"version-history":[{"count":34,"href":"https:\/\/jankowski-hausverwaltung.de\/index.php?rest_route=\/wp\/v2\/pages\/221\/revisions"}],"predecessor-version":[{"id":497,"href":"https:\/\/jankowski-hausverwaltung.de\/index.php?rest_route=\/wp\/v2\/pages\/221\/revisions\/497"}],"wp:attachment":[{"href":"https:\/\/jankowski-hausverwaltung.de\/index.php?rest_route=%2Fwp%2Fv2%2Fmedia&parent=221"}],"curies":[{"name":"wp","href":"https:\/\/api.w.org\/{rel}","templated":true}]}}