{"id":213,"date":"2024-01-02T14:10:07","date_gmt":"2024-01-02T14:10:07","guid":{"rendered":"http:\/\/neu.jankowski-hausverwaltung.de\/?page_id=213"},"modified":"2024-01-18T09:14:06","modified_gmt":"2024-01-18T09:14:06","slug":"kontakt","status":"publish","type":"page","link":"https:\/\/jankowski-hausverwaltung.de\/?page_id=213","title":{"rendered":"Kontakt"},"content":{"rendered":"\t\t<div data-elementor-type=\"wp-page\" data-elementor-id=\"213\" class=\"elementor elementor-213\">\n\t\t\t\t<div class=\"elementor-element elementor-element-c3fad61 e-flex e-con-boxed e-con e-parent\" data-id=\"c3fad61\" data-element_type=\"container\" data-e-type=\"container\">\n\t\t\t\t\t<div class=\"e-con-inner\">\n\t\t\t\t<div class=\"elementor-element elementor-element-6094ab8 elementor-widget__width-initial elementor-widget-mobile__width-initial elementor-widget elementor-widget-text-editor\" data-id=\"6094ab8\" data-element_type=\"widget\" data-e-type=\"widget\" data-widget_type=\"text-editor.default\">\n\t\t\t\t<div class=\"elementor-widget-container\">\n\t\t\t\t\t\t\t\t\t<p style=\"padding-left: 40px;\"><u>J\u00f6rg Jankowski Hausverwaltung<\/u><\/p><p style=\"padding-left: 40px;\">Bl\u00e4\u00dfhuhnweg 15<\/p><p style=\"padding-left: 40px;\">13503 Berlin-Heiligensee<\/p><p style=\"padding-left: 40px;\">Telefon: \u00a0\u00a0\u00a0\u00a0\u00a0\u00a0\u00a0\u00a0\u00a0\u00a0\u00a0\u00a0 0049 (0)30 \/ 30 09 90 77 (f\u00fcr Mieter)<\/p><p style=\"padding-left: 120px;\">\u00a0 \u00a0 \u00a0 0049 (0)30 \/ 43 74 92 56 (f\u00fcr Eigent\u00fcmer)<\/p><p style=\"padding-left: 40px;\">Mobil: \u00a0\u00a0\u00a0\u00a0\u00a0\u00a0\u00a0\u00a0\u00a0\u00a0\u00a0\u00a0\u00a0\u00a0\u00a0 0049 (0)177 \/ 93 90 533<\/p><p style=\"padding-left: 40px;\">E-Mail: info@jankowski-hausverwaltung.de<\/p><p style=\"padding-left: 40px;\"><u>Telefonische Sprechzeiten: <\/u><\/p><p style=\"padding-left: 120px;\">Montags:\u00a0\u00a0\u00a0\u00a0\u00a0\u00a0\u00a0\u00a0\u00a0\u00a0 9.00 &#8211; 12.00 Uhr\u00a0\u00a0\u00a0\u00a0\u00a0\u00a0\u00a0\u00a0\u00a0\u00a0\u00a0\u00a0\u00a0<\/p><p style=\"padding-left: 120px;\">Mittwochs: \u00a0\u00a0\u00a0\u00a0\u00a0\u00a0 9.00 &#8211; 16.00 Uhr<\/p><p style=\"padding-left: 120px;\">Donnerstags:\u00a0\u00a0\u00a0 9.00 &#8211; 12.00 Uhr<\/p><p style=\"padding-left: 40px;\">In dringenden F\u00e4llen sind wir au\u00dferhalb der Sprechzeit \u00fcber das oben genannte Mobiltelefon erreichbar. Pers\u00f6nliche Sprechzeiten nur nach Vereinbarung.<\/p>\t\t\t\t\t\t\t\t<\/div>\n\t\t\t\t<\/div>\n\t\t\t\t<div class=\"elementor-element elementor-element-37306a1 elementor-widget__width-initial elementor-widget elementor-widget-image\" data-id=\"37306a1\" data-element_type=\"widget\" data-e-type=\"widget\" data-widget_type=\"image.default\">\n\t\t\t\t<div class=\"elementor-widget-container\">\n\t\t\t\t\t\t\t\t\t\t\t\t\t\t\t<img fetchpriority=\"high\" decoding=\"async\" width=\"1024\" height=\"682\" src=\"https:\/\/jankowski-hausverwaltung.de\/wp-content\/uploads\/2024\/01\/Briefkaesten-1024x682.jpg\" class=\"attachment-large size-large wp-image-326\" alt=\"\" srcset=\"https:\/\/jankowski-hausverwaltung.de\/wp-content\/uploads\/2024\/01\/Briefkaesten-1024x682.jpg 1024w, https:\/\/jankowski-hausverwaltung.de\/wp-content\/uploads\/2024\/01\/Briefkaesten-300x200.jpg 300w, https:\/\/jankowski-hausverwaltung.de\/wp-content\/uploads\/2024\/01\/Briefkaesten-768x512.jpg 768w, https:\/\/jankowski-hausverwaltung.de\/wp-content\/uploads\/2024\/01\/Briefkaesten.jpg 1280w\" sizes=\"(max-width: 1024px) 100vw, 1024px\" \/>\t\t\t\t\t\t\t\t\t\t\t\t\t\t\t<\/div>\n\t\t\t\t<\/div>\n\t\t\t\t\t<\/div>\n\t\t\t\t<\/div>\n\t\t<div class=\"elementor-element elementor-element-7599e69 e-flex e-con-boxed e-con e-parent\" data-id=\"7599e69\" data-element_type=\"container\" data-e-type=\"container\">\n\t\t\t\t\t<div class=\"e-con-inner\">\n\t\t\t\t<div class=\"elementor-element elementor-element-c70a507 elementor-widget__width-inherit elementor-widget elementor-widget-image\" data-id=\"c70a507\" data-element_type=\"widget\" data-e-type=\"widget\" data-widget_type=\"image.default\">\n\t\t\t\t<div class=\"elementor-widget-container\">\n\t\t\t\t\t\t\t\t\t\t\t\t\t\t\t<img decoding=\"async\" width=\"1024\" height=\"294\" src=\"https:\/\/jankowski-hausverwaltung.de\/wp-content\/uploads\/2023\/12\/Skyline-farbig-vom-Grafiker-als-Screenshot-20231228-1024x294.png\" class=\"attachment-large size-large wp-image-40\" alt=\"\" srcset=\"https:\/\/jankowski-hausverwaltung.de\/wp-content\/uploads\/2023\/12\/Skyline-farbig-vom-Grafiker-als-Screenshot-20231228-1024x294.png 1024w, https:\/\/jankowski-hausverwaltung.de\/wp-content\/uploads\/2023\/12\/Skyline-farbig-vom-Grafiker-als-Screenshot-20231228-300x86.png 300w, https:\/\/jankowski-hausverwaltung.de\/wp-content\/uploads\/2023\/12\/Skyline-farbig-vom-Grafiker-als-Screenshot-20231228-768x220.png 768w, https:\/\/jankowski-hausverwaltung.de\/wp-content\/uploads\/2023\/12\/Skyline-farbig-vom-Grafiker-als-Screenshot-20231228.png 1321w\" sizes=\"(max-width: 1024px) 100vw, 1024px\" \/>\t\t\t\t\t\t\t\t\t\t\t\t\t\t\t<\/div>\n\t\t\t\t<\/div>\n\t\t\t\t\t<\/div>\n\t\t\t\t<\/div>\n\t\t\t\t<\/div>\n\t\t","protected":false},"excerpt":{"rendered":"<p>J\u00f6rg Jankowski Hausverwaltung Bl\u00e4\u00dfhuhnweg 15 13503 Berlin-Heiligensee Telefon: \u00a0\u00a0\u00a0\u00a0\u00a0\u00a0\u00a0\u00a0\u00a0\u00a0\u00a0\u00a0 0049 (0)30 \/ 30 09 90 77 (f\u00fcr Mieter) \u00a0 \u00a0 \u00a0 0049 (0)30 \/ 43 74 92 56 (f\u00fcr Eigent\u00fcmer) Mobil: \u00a0\u00a0\u00a0\u00a0\u00a0\u00a0\u00a0\u00a0\u00a0\u00a0\u00a0\u00a0\u00a0\u00a0\u00a0 0049 (0)177 \/ 93 90 533 E-Mail: info@jankowski-hausverwaltung.de Telefonische Sprechzeiten: Montags:\u00a0\u00a0\u00a0\u00a0\u00a0\u00a0\u00a0\u00a0\u00a0\u00a0 9.00 &#8211; 12.00 Uhr\u00a0\u00a0\u00a0\u00a0\u00a0\u00a0\u00a0\u00a0\u00a0\u00a0\u00a0\u00a0\u00a0 Mittwochs: \u00a0\u00a0\u00a0\u00a0\u00a0\u00a0 9.00 &#8211; 16.00 Uhr Donnerstags:\u00a0\u00a0\u00a0 9.00 [&hellip;]<\/p>\n","protected":false},"author":1,"featured_media":0,"parent":160,"menu_order":3,"comment_status":"closed","ping_status":"closed","template":"","meta":{"ocean_post_layout":"","ocean_both_sidebars_style":"","ocean_both_sidebars_content_width":0,"ocean_both_sidebars_sidebars_width":0,"ocean_sidebar":"","ocean_second_sidebar":"","ocean_disable_margins":"enable","ocean_add_body_class":"","ocean_shortcode_before_top_bar":"","ocean_shortcode_after_top_bar":"","ocean_shortcode_before_header":"","ocean_shortcode_after_header":"","ocean_has_shortcode":"","ocean_shortcode_after_title":"","ocean_shortcode_before_footer_widgets":"","ocean_shortcode_after_footer_widgets":"","ocean_shortcode_before_footer_bottom":"","ocean_shortcode_after_footer_bottom":"","ocean_display_top_bar":"default","ocean_display_header":"default","ocean_header_style":"","ocean_center_header_left_menu":"","ocean_custom_header_template":"","ocean_custom_logo":0,"ocean_custom_retina_logo":0,"ocean_custom_logo_max_width":0,"ocean_custom_logo_tablet_max_width":0,"ocean_custom_logo_mobile_max_width":0,"ocean_custom_logo_max_height":0,"ocean_custom_logo_tablet_max_height":0,"ocean_custom_logo_mobile_max_height":0,"ocean_header_custom_menu":"","ocean_menu_typo_font_family":"","ocean_menu_typo_font_subset":"","ocean_menu_typo_font_size":0,"ocean_menu_typo_font_size_tablet":0,"ocean_menu_typo_font_size_mobile":0,"ocean_menu_typo_font_size_unit":"px","ocean_menu_typo_font_weight":"","ocean_menu_typo_font_weight_tablet":"","ocean_menu_typo_font_weight_mobile":"","ocean_menu_typo_transform":"","ocean_menu_typo_transform_tablet":"","ocean_menu_typo_transform_mobile":"","ocean_menu_typo_line_height":0,"ocean_menu_typo_line_height_tablet":0,"ocean_menu_typo_line_height_mobile":0,"ocean_menu_typo_line_height_unit":"","ocean_menu_typo_spacing":0,"ocean_menu_typo_spacing_tablet":0,"ocean_menu_typo_spacing_mobile":0,"ocean_menu_typo_spacing_unit":"","ocean_menu_link_color":"","ocean_menu_link_color_hover":"","ocean_menu_link_color_active":"","ocean_menu_link_background":"","ocean_menu_link_hover_background":"","ocean_menu_link_active_background":"","ocean_menu_social_links_bg":"","ocean_menu_social_hover_links_bg":"","ocean_menu_social_links_color":"","ocean_menu_social_hover_links_color":"","ocean_disable_title":"default","ocean_disable_heading":"default","ocean_post_title":"","ocean_post_subheading":"","ocean_post_title_style":"","ocean_post_title_background_color":"","ocean_post_title_background":0,"ocean_post_title_bg_image_position":"","ocean_post_title_bg_image_attachment":"","ocean_post_title_bg_image_repeat":"","ocean_post_title_bg_image_size":"","ocean_post_title_height":0,"ocean_post_title_bg_overlay":0.5,"ocean_post_title_bg_overlay_color":"","ocean_disable_breadcrumbs":"default","ocean_breadcrumbs_color":"","ocean_breadcrumbs_separator_color":"","ocean_breadcrumbs_links_color":"","ocean_breadcrumbs_links_hover_color":"","ocean_display_footer_widgets":"default","ocean_display_footer_bottom":"default","ocean_custom_footer_template":"","footnotes":""},"class_list":["post-213","page","type-page","status-publish","hentry","entry"],"_links":{"self":[{"href":"https:\/\/jankowski-hausverwaltung.de\/index.php?rest_route=\/wp\/v2\/pages\/213"}],"collection":[{"href":"https:\/\/jankowski-hausverwaltung.de\/index.php?rest_route=\/wp\/v2\/pages"}],"about":[{"href":"https:\/\/jankowski-hausverwaltung.de\/index.php?rest_route=\/wp\/v2\/types\/page"}],"author":[{"embeddable":true,"href":"https:\/\/jankowski-hausverwaltung.de\/index.php?rest_route=\/wp\/v2\/users\/1"}],"replies":[{"embeddable":true,"href":"https:\/\/jankowski-hausverwaltung.de\/index.php?rest_route=%2Fwp%2Fv2%2Fcomments&post=213"}],"version-history":[{"count":40,"href":"https:\/\/jankowski-hausverwaltung.de\/index.php?rest_route=\/wp\/v2\/pages\/213\/revisions"}],"predecessor-version":[{"id":491,"href":"https:\/\/jankowski-hausverwaltung.de\/index.php?rest_route=\/wp\/v2\/pages\/213\/revisions\/491"}],"up":[{"embeddable":true,"href":"https:\/\/jankowski-hausverwaltung.de\/index.php?rest_route=\/wp\/v2\/pages\/160"}],"wp:attachment":[{"href":"https:\/\/jankowski-hausverwaltung.de\/index.php?rest_route=%2Fwp%2Fv2%2Fmedia&parent=213"}],"curies":[{"name":"wp","href":"https:\/\/api.w.org\/{rel}","templated":true}]}}