{"id":202,"date":"2024-01-02T14:10:28","date_gmt":"2024-01-02T14:10:28","guid":{"rendered":"http:\/\/neu.jankowski-hausverwaltung.de\/?page_id=202"},"modified":"2024-01-02T20:42:31","modified_gmt":"2024-01-02T20:42:31","slug":"ueber-uns","status":"publish","type":"page","link":"https:\/\/jankowski-hausverwaltung.de\/?page_id=202","title":{"rendered":"\u00dcber uns"},"content":{"rendered":"\t\t<div data-elementor-type=\"wp-page\" data-elementor-id=\"202\" class=\"elementor elementor-202\">\n\t\t\t\t<div class=\"elementor-element elementor-element-a3d70b8 e-flex e-con-boxed e-con e-parent\" data-id=\"a3d70b8\" data-element_type=\"container\" data-e-type=\"container\">\n\t\t\t\t\t<div class=\"e-con-inner\">\n\t\t\t\t<div class=\"elementor-element elementor-element-e1f8bd0 elementor-widget__width-initial elementor-widget-mobile__width-initial elementor-widget elementor-widget-text-editor\" data-id=\"e1f8bd0\" data-element_type=\"widget\" data-e-type=\"widget\" data-widget_type=\"text-editor.default\">\n\t\t\t\t<div class=\"elementor-widget-container\">\n\t\t\t\t\t\t\t\t\t<p>Vielen Dank f\u00fcr Ihr Interesse an meinem Unternehmen.<\/p><p>Wer verbirgt sich hinter der Hausverwaltung J\u00f6rg Jankowski?<\/p><p>Zun\u00e4chst f\u00fchrten mich meine ersten beruflichen Wege in die Juristerei. Bald jedoch bot sich mir die Chance, in der Immobilienwirtschaft t\u00e4tig zu werden &#8211; ein Bereich, der mich von Anfang an fasziniert hat.<\/p><p>Begonnen als einfacher Verwalter im Angestelltenverh\u00e4ltnis, \u00fcbernahm ich im Lauf der Zeit immer mehr Verantwortung innerhalb dieser Branche. Nach vielen Jahren als Prokurist eines Immobilienunternehmens entschloss ich mich vor einigen Jahren, eigene Wege zu gehen. So begann ich, meiner Passion f\u00fcr die Immobilienverwaltung in Form der Selbstst\u00e4ndigkeit &#8211; zun\u00e4chst als Mitinhaber, sp\u00e4ter als Einzelunternehmen &#8211; nachzugehen.<\/p><p>Mit mehr als 40 Jahren Erfahrung in der Immobilienverwaltung habe ich fachlich wie menschlich schon sehr viel erlebt. Ich sehe mich als bodenst\u00e4ndiger und zugewandter Ansprechpartner f\u00fcr alle Fragen rings um Immobilien. Unabh\u00e4ngig ob es sich um Privat- oder Gewerbeobjekte handelt, um WEG, Sondereigentum oder die klassische Mietverwaltung.<\/p><p>Von diesem Erfahrungsschatz k\u00f6nnen Sie profitieren. Gern k\u00f6nnen Sie mich <a href=\"http:\/\/neu.jankowski-hausverwaltung.de\/?page_id=213\" target=\"_blank\" rel=\"noopener\"><span style=\"text-decoration: underline;\">kontaktieren<\/span><\/a>, wenn Sie mehr \u00fcber mich erfahren m\u00f6chten. Ich freue mich darauf, Sie kennen zu lernen.<\/p><p>Ihr<\/p><p><em>J\u00f6rg Jankowski<\/em><\/p><p style=\"padding-left: 400px;\">\u00a0<\/p>\t\t\t\t\t\t\t\t<\/div>\n\t\t\t\t<\/div>\n\t\t\t\t<div class=\"elementor-element elementor-element-cb6d5eb elementor-widget elementor-widget-image\" data-id=\"cb6d5eb\" data-element_type=\"widget\" data-e-type=\"widget\" data-widget_type=\"image.default\">\n\t\t\t\t<div class=\"elementor-widget-container\">\n\t\t\t\t\t\t\t\t\t\t\t\t\t\t\t<img fetchpriority=\"high\" decoding=\"async\" width=\"1024\" height=\"682\" src=\"https:\/\/jankowski-hausverwaltung.de\/wp-content\/uploads\/2024\/01\/Schluessel-mit-Hand-1024x682.jpg\" class=\"attachment-large size-large wp-image-334\" alt=\"\" srcset=\"https:\/\/jankowski-hausverwaltung.de\/wp-content\/uploads\/2024\/01\/Schluessel-mit-Hand-1024x682.jpg 1024w, https:\/\/jankowski-hausverwaltung.de\/wp-content\/uploads\/2024\/01\/Schluessel-mit-Hand-300x200.jpg 300w, https:\/\/jankowski-hausverwaltung.de\/wp-content\/uploads\/2024\/01\/Schluessel-mit-Hand-768x512.jpg 768w, https:\/\/jankowski-hausverwaltung.de\/wp-content\/uploads\/2024\/01\/Schluessel-mit-Hand.jpg 1280w\" sizes=\"(max-width: 1024px) 100vw, 1024px\" \/>\t\t\t\t\t\t\t\t\t\t\t\t\t\t\t<\/div>\n\t\t\t\t<\/div>\n\t\t\t\t\t<\/div>\n\t\t\t\t<\/div>\n\t\t<div class=\"elementor-element elementor-element-2ff1c1a e-flex e-con-boxed e-con e-parent\" data-id=\"2ff1c1a\" data-element_type=\"container\" data-e-type=\"container\">\n\t\t\t\t\t<div class=\"e-con-inner\">\n\t\t\t\t<div class=\"elementor-element elementor-element-e67c0b9 elementor-widget__width-inherit elementor-widget elementor-widget-image\" data-id=\"e67c0b9\" data-element_type=\"widget\" data-e-type=\"widget\" data-widget_type=\"image.default\">\n\t\t\t\t<div class=\"elementor-widget-container\">\n\t\t\t\t\t\t\t\t\t\t\t\t\t\t\t<img decoding=\"async\" width=\"1024\" height=\"294\" src=\"https:\/\/jankowski-hausverwaltung.de\/wp-content\/uploads\/2023\/12\/Skyline-farbig-vom-Grafiker-als-Screenshot-20231228-1024x294.png\" class=\"attachment-large size-large wp-image-40\" alt=\"\" srcset=\"https:\/\/jankowski-hausverwaltung.de\/wp-content\/uploads\/2023\/12\/Skyline-farbig-vom-Grafiker-als-Screenshot-20231228-1024x294.png 1024w, https:\/\/jankowski-hausverwaltung.de\/wp-content\/uploads\/2023\/12\/Skyline-farbig-vom-Grafiker-als-Screenshot-20231228-300x86.png 300w, https:\/\/jankowski-hausverwaltung.de\/wp-content\/uploads\/2023\/12\/Skyline-farbig-vom-Grafiker-als-Screenshot-20231228-768x220.png 768w, https:\/\/jankowski-hausverwaltung.de\/wp-content\/uploads\/2023\/12\/Skyline-farbig-vom-Grafiker-als-Screenshot-20231228.png 1321w\" sizes=\"(max-width: 1024px) 100vw, 1024px\" \/>\t\t\t\t\t\t\t\t\t\t\t\t\t\t\t<\/div>\n\t\t\t\t<\/div>\n\t\t\t\t\t<\/div>\n\t\t\t\t<\/div>\n\t\t\t\t<\/div>\n\t\t","protected":false},"excerpt":{"rendered":"<p>Vielen Dank f\u00fcr Ihr Interesse an meinem Unternehmen. Wer verbirgt sich hinter der Hausverwaltung J\u00f6rg Jankowski? Zun\u00e4chst f\u00fchrten mich meine ersten beruflichen Wege in die Juristerei. Bald jedoch bot sich mir die Chance, in der Immobilienwirtschaft t\u00e4tig zu werden &#8211; ein Bereich, der mich von Anfang an fasziniert hat. Begonnen als einfacher Verwalter im Angestelltenverh\u00e4ltnis, [&hellip;]<\/p>\n","protected":false},"author":1,"featured_media":0,"parent":160,"menu_order":2,"comment_status":"closed","ping_status":"closed","template":"","meta":{"ocean_post_layout":"","ocean_both_sidebars_style":"","ocean_both_sidebars_content_width":0,"ocean_both_sidebars_sidebars_width":0,"ocean_sidebar":"","ocean_second_sidebar":"","ocean_disable_margins":"enable","ocean_add_body_class":"","ocean_shortcode_before_top_bar":"","ocean_shortcode_after_top_bar":"","ocean_shortcode_before_header":"","ocean_shortcode_after_header":"","ocean_has_shortcode":"","ocean_shortcode_after_title":"","ocean_shortcode_before_footer_widgets":"","ocean_shortcode_after_footer_widgets":"","ocean_shortcode_before_footer_bottom":"","ocean_shortcode_after_footer_bottom":"","ocean_display_top_bar":"default","ocean_display_header":"default","ocean_header_style":"","ocean_center_header_left_menu":"","ocean_custom_header_template":"","ocean_custom_logo":0,"ocean_custom_retina_logo":0,"ocean_custom_logo_max_width":0,"ocean_custom_logo_tablet_max_width":0,"ocean_custom_logo_mobile_max_width":0,"ocean_custom_logo_max_height":0,"ocean_custom_logo_tablet_max_height":0,"ocean_custom_logo_mobile_max_height":0,"ocean_header_custom_menu":"","ocean_menu_typo_font_family":"","ocean_menu_typo_font_subset":"","ocean_menu_typo_font_size":0,"ocean_menu_typo_font_size_tablet":0,"ocean_menu_typo_font_size_mobile":0,"ocean_menu_typo_font_size_unit":"px","ocean_menu_typo_font_weight":"","ocean_menu_typo_font_weight_tablet":"","ocean_menu_typo_font_weight_mobile":"","ocean_menu_typo_transform":"","ocean_menu_typo_transform_tablet":"","ocean_menu_typo_transform_mobile":"","ocean_menu_typo_line_height":0,"ocean_menu_typo_line_height_tablet":0,"ocean_menu_typo_line_height_mobile":0,"ocean_menu_typo_line_height_unit":"","ocean_menu_typo_spacing":0,"ocean_menu_typo_spacing_tablet":0,"ocean_menu_typo_spacing_mobile":0,"ocean_menu_typo_spacing_unit":"","ocean_menu_link_color":"","ocean_menu_link_color_hover":"","ocean_menu_link_color_active":"","ocean_menu_link_background":"","ocean_menu_link_hover_background":"","ocean_menu_link_active_background":"","ocean_menu_social_links_bg":"","ocean_menu_social_hover_links_bg":"","ocean_menu_social_links_color":"","ocean_menu_social_hover_links_color":"","ocean_disable_title":"default","ocean_disable_heading":"default","ocean_post_title":"","ocean_post_subheading":"","ocean_post_title_style":"","ocean_post_title_background_color":"","ocean_post_title_background":0,"ocean_post_title_bg_image_position":"","ocean_post_title_bg_image_attachment":"","ocean_post_title_bg_image_repeat":"","ocean_post_title_bg_image_size":"","ocean_post_title_height":0,"ocean_post_title_bg_overlay":0.5,"ocean_post_title_bg_overlay_color":"","ocean_disable_breadcrumbs":"default","ocean_breadcrumbs_color":"","ocean_breadcrumbs_separator_color":"","ocean_breadcrumbs_links_color":"","ocean_breadcrumbs_links_hover_color":"","ocean_display_footer_widgets":"default","ocean_display_footer_bottom":"default","ocean_custom_footer_template":"","footnotes":""},"class_list":["post-202","page","type-page","status-publish","hentry","entry"],"_links":{"self":[{"href":"https:\/\/jankowski-hausverwaltung.de\/index.php?rest_route=\/wp\/v2\/pages\/202"}],"collection":[{"href":"https:\/\/jankowski-hausverwaltung.de\/index.php?rest_route=\/wp\/v2\/pages"}],"about":[{"href":"https:\/\/jankowski-hausverwaltung.de\/index.php?rest_route=\/wp\/v2\/types\/page"}],"author":[{"embeddable":true,"href":"https:\/\/jankowski-hausverwaltung.de\/index.php?rest_route=\/wp\/v2\/users\/1"}],"replies":[{"embeddable":true,"href":"https:\/\/jankowski-hausverwaltung.de\/index.php?rest_route=%2Fwp%2Fv2%2Fcomments&post=202"}],"version-history":[{"count":43,"href":"https:\/\/jankowski-hausverwaltung.de\/index.php?rest_route=\/wp\/v2\/pages\/202\/revisions"}],"predecessor-version":[{"id":458,"href":"https:\/\/jankowski-hausverwaltung.de\/index.php?rest_route=\/wp\/v2\/pages\/202\/revisions\/458"}],"up":[{"embeddable":true,"href":"https:\/\/jankowski-hausverwaltung.de\/index.php?rest_route=\/wp\/v2\/pages\/160"}],"wp:attachment":[{"href":"https:\/\/jankowski-hausverwaltung.de\/index.php?rest_route=%2Fwp%2Fv2%2Fmedia&parent=202"}],"curies":[{"name":"wp","href":"https:\/\/api.w.org\/{rel}","templated":true}]}}