{"id":188,"date":"2024-01-02T14:10:19","date_gmt":"2024-01-02T14:10:19","guid":{"rendered":"http:\/\/neu.jankowski-hausverwaltung.de\/?page_id=188"},"modified":"2024-01-02T20:32:20","modified_gmt":"2024-01-02T20:32:20","slug":"leistungen","status":"publish","type":"page","link":"https:\/\/jankowski-hausverwaltung.de\/?page_id=188","title":{"rendered":"Leistungen"},"content":{"rendered":"\t\t<div data-elementor-type=\"wp-page\" data-elementor-id=\"188\" class=\"elementor elementor-188\">\n\t\t\t\t<div class=\"elementor-element elementor-element-94da598 e-flex e-con-boxed e-con e-parent\" data-id=\"94da598\" data-element_type=\"container\" data-e-type=\"container\">\n\t\t\t\t\t<div class=\"e-con-inner\">\n\t\t\t\t<div class=\"elementor-element elementor-element-ef0b936 elementor-widget__width-initial elementor-widget-mobile__width-initial elementor-widget elementor-widget-text-editor\" data-id=\"ef0b936\" data-element_type=\"widget\" data-e-type=\"widget\" data-widget_type=\"text-editor.default\">\n\t\t\t\t<div class=\"elementor-widget-container\">\n\t\t\t\t\t\t\t\t\t<p>Wir f\u00fchren folgende Leistungen und Services aus:<\/p><p><span style=\"text-decoration: underline;\"><strong>Verwaltung von Wohn- und Gesch\u00e4ftsh\u00e4usern<\/strong><\/span><\/p><p><em>Wie es oftmals ist:<\/em> Als Eigent\u00fcmer einer Immobilie kommen viele rechtliche Fragestellungen auf Sie zu und Sie m\u00fcssen ein gro\u00dfes Netzwerk von Ansprechpartnern pflegen, vielerlei Anliegen bearbeiten und Interessenskonflikte moderieren. Dies alles kostet Sie Zeit und Nerven, erfordert einen sehr hohen Kommunikations- und Koordinationsaufwand und erfolgt vermutlich meistens in dem Gef\u00fchl einer gewissen rechtlichen Unsicherheit.<\/p><p><em>Wie es sein k\u00f6nnte:<\/em> Mit uns als Ihrer professionellen Hausverwaltung haben Sie wieder mehr Zeit f\u00fcr sich und Ihre pers\u00f6nlichen Priorit\u00e4ten und Ziele. Wir halten Ihnen den R\u00fccken frei und entlasten Sie von operativen allt\u00e4glichen Aufgaben. Dabei stellte sich in der Vergangenheit heraus, dass die mentale Entlastung ein besonders wichtiger Faktor f\u00fcr unsere Kunden darstellte, wenn diese die Verwaltung ihrer Immobilie vertrauensvoll in unsere H\u00e4nde legten. Gleichzeitig halten wir Sie in einer beidseitig vereinbarten Frequenz immer auf dem Laufenden \u00fcber alle Daten und die Situation Ihrer Immobilie und deren Wirtschaftlichkeitssituation.<\/p><p>Nach einer genauen Analyse der Ist-Situation und Ihrer Vorstellungen, W\u00fcnsche und Erwartungen unterbreiten wir Ihnen gern ein fundiertes unverbindliches Angebot. In der Regel erfolgt die Honorargestaltung in Form eines aus unserer Sicht legitimsten und f\u00fcr beide Seiten vorteilhaftesten Modells: In prozentualer Form auf Grundlage der tats\u00e4chlich geleisteten Mietzahlungen. Das gibt Ihnen die Sicherheit, dass wir uns als Hausverwaltung in unserer t\u00e4glichen Arbeit an einer optimalen Verwaltung und einem bestm\u00f6glichen Vermietungsstand Ihrer Immobilie orientieren.<\/p><p>Unser Verst\u00e4ndnis einer ad\u00e4quaten Hausverwaltung stellt sich in nachstehendem Leistungskatalog dar, wobei der genaue Umfang verhandelt werden kann. Selbstverst\u00e4ndlich w\u00fcrden einzelne Positionen (wie z.B. gr\u00f6\u00dfere Instandhaltungs-Ma\u00dfnahmen) immer in vorheriger Abstimmung mit Ihnen erfolgen.<\/p><p>Kaufm\u00e4nnische bzw. administrative Aufgaben:<\/p><ul><li style=\"list-style-type: none;\"><ul><li style=\"list-style-type: none;\"><ul><li>Verwaltung der Mietvertr\u00e4ge<\/li><li>Verwaltung der Mieten inkl. Vereinnahmung und Buchung<\/li><li>Kautionsverwaltung und F\u00fchrung des Kautionskontos<\/li><li>Mahnwesen (Anmahnen f\u00e4lliger Mietzahlungen)<\/li><li>Durchsetzung von Mieterh\u00f6hungsverlangen<\/li><li>F\u00fchrung von Mieterakten<\/li><li>Korrespondenz mit Mietern, Dienstleistern und Beh\u00f6rden<\/li><li>Erstellung der Nebenkosten- sowie Heizkostenabrechnungen<\/li><li>Beauftragung von Versorgungsleistungen inkl. Vertrags\u00fcberwachung und -optimierung<\/li><li>Rechnungskontrolle, Bezahlung und Buchung anfallender Kosten (Lieferanten \/ Dienstleister \/ Versorger)<\/li><li>Schadenfall-Management<\/li><li>Vertretung des Eigent\u00fcmers als juristische Person gegen\u00fcber Dritten<\/li><li>Koordination der Kommunikation zwischen den Eigent\u00fcmern untereinander (z.B. Eigent\u00fcmer-Versammlung) (nur bei WEG-Verwaltung)<\/li><li>\u00dcbernahme der Kommunikation mit den Mietern, auch in Form von Aush\u00e4ngen und Rundhschreiben<\/li><li>Durchsetzung der Haus-Odnung, Vermittlung bei Konflikten, Anregung von Ma\u00dfnahmen des Sozialmanagements<\/li><\/ul><\/li><\/ul><\/li><\/ul><p>Wirtschaftliche Aufgaben:<\/p><ul><li style=\"list-style-type: none;\"><ul><li style=\"list-style-type: none;\"><ul><li>Erstellung von Monats- und Jahresabrechnungen gegen\u00fcber dem Eigent\u00fcmer<\/li><li>Aufstellung eines Wirtschaftsplans (nur bei WEG-Verwaltung)<\/li><li>Abrechnung des Handgeldes (nur bei WEG-Verwaltung)<\/li><li>F\u00fchrung des Umlageschl\u00fcssels (nur bei WEG-Verwaltung)<\/li><\/ul><\/li><\/ul><\/li><\/ul><p>Technische Aufgaben:<\/p><ul><li style=\"list-style-type: none;\"><ul><li style=\"list-style-type: none;\"><ul><li>Regelm\u00e4\u00dfige Inaugenscheinnahme der Immobilie zur fr\u00fchzeitiger Erkennung von Handlungsbedarf und Vermeidung von Ausf\u00e4llen wirtschaftlicher Art<\/li><li>Koordinierung von Dienstleistern<\/li><li>Betrieb und Kontrolle von Anlagen und Einrichtungen<\/li><li>Koordination von Instandhaltungsma\u00dfnahmen an Geb\u00e4uden, Grundst\u00fccken und technischen Anlagen<\/li><li>Organisation eines Hausmeisterservices<\/li><li>Ank\u00fcndigung und Begleitung von Modernisierungen und Bauma\u00dfnahmen<\/li><\/ul><\/li><\/ul><\/li><\/ul><p>Als Hausverwaltung bieten wir Ihnen gern den <strong>vollen Umfang<\/strong> der Hausverwaltung. Sollte es Ihr Wunsch sein, so l\u00e4sst sich das Mandat auch nach Ihren W\u00fcnschen anpassen, wodurch eine\u00a0 <strong>Teilverwaltung <\/strong>vereinbart w\u00fcrde, wie z.B. eine Beschr\u00e4nkung des Mandats auf die \u00dcbernahme von Betriebs- und Heizkostenabrechnung, das Modernisierungs-Management etc.<\/p><p>Gern \u00fcbernehmen wir auf Anfrage auch ein Mandat f\u00fcr eine <strong>Wohnungseigentumsverwaltung (WEG) <\/strong>oder <strong>Sondereigentumsverwaltung<\/strong>.<\/p><p><span style=\"text-decoration: underline;\"><strong>Vermietung \/ Verkauf<\/strong><\/span><\/p><p><strong>\u00a0<\/strong>Gern stehen wir Ihnen f\u00fcr die Vermietung bzw. den Verkauf Ihrer Wohnungen oder Ihrer Immobilie zur Verf\u00fcgung.<\/p><p>F\u00fcr jene Objekte, f\u00fcr die wir aktiv die Hausverwaltung durchf\u00fchren, ist uns dies aus rechtlichen Gr\u00fcnden nicht m\u00f6glich, jedoch haben wir ein Netzwerk kompetenter Ansprechpartner an der Hand, die die Vermietung \/ den Verkauf Ihrer Wohnungen bzw. Ihrer Immobilie \u00fcbernehmen k\u00f6nnten.<\/p><p>Sprechen Sie uns an &#8211; wir sind gern f\u00fcr Sie <a href=\"http:\/\/neu.jankowski-hausverwaltung.de\/?page_id=213\"><span style=\"text-decoration: underline;\">erreichbar<\/span><\/a>.<\/p>\t\t\t\t\t\t\t\t<\/div>\n\t\t\t\t<\/div>\n\t\t\t\t<div class=\"elementor-element elementor-element-3810ae4 elementor-widget elementor-widget-image\" data-id=\"3810ae4\" data-element_type=\"widget\" data-e-type=\"widget\" data-widget_type=\"image.default\">\n\t\t\t\t<div class=\"elementor-widget-container\">\n\t\t\t\t\t\t\t\t\t\t\t\t\t\t\t<img fetchpriority=\"high\" decoding=\"async\" width=\"1024\" height=\"682\" src=\"https:\/\/jankowski-hausverwaltung.de\/wp-content\/uploads\/2024\/01\/Holzblock-Bausteine-Haus-20240102-1024x682.jpg\" class=\"attachment-large size-large wp-image-330\" alt=\"\" srcset=\"https:\/\/jankowski-hausverwaltung.de\/wp-content\/uploads\/2024\/01\/Holzblock-Bausteine-Haus-20240102-1024x682.jpg 1024w, https:\/\/jankowski-hausverwaltung.de\/wp-content\/uploads\/2024\/01\/Holzblock-Bausteine-Haus-20240102-300x200.jpg 300w, https:\/\/jankowski-hausverwaltung.de\/wp-content\/uploads\/2024\/01\/Holzblock-Bausteine-Haus-20240102-768x512.jpg 768w, https:\/\/jankowski-hausverwaltung.de\/wp-content\/uploads\/2024\/01\/Holzblock-Bausteine-Haus-20240102.jpg 1280w\" sizes=\"(max-width: 1024px) 100vw, 1024px\" \/>\t\t\t\t\t\t\t\t\t\t\t\t\t\t\t<\/div>\n\t\t\t\t<\/div>\n\t\t\t\t\t<\/div>\n\t\t\t\t<\/div>\n\t\t<div class=\"elementor-element elementor-element-ae31626 e-flex e-con-boxed e-con e-parent\" data-id=\"ae31626\" data-element_type=\"container\" data-e-type=\"container\">\n\t\t\t\t\t<div class=\"e-con-inner\">\n\t\t\t\t<div class=\"elementor-element elementor-element-7caac18 elementor-widget__width-inherit elementor-widget elementor-widget-image\" data-id=\"7caac18\" data-element_type=\"widget\" data-e-type=\"widget\" data-widget_type=\"image.default\">\n\t\t\t\t<div class=\"elementor-widget-container\">\n\t\t\t\t\t\t\t\t\t\t\t\t\t\t\t<img decoding=\"async\" width=\"1024\" height=\"294\" src=\"https:\/\/jankowski-hausverwaltung.de\/wp-content\/uploads\/2023\/12\/Skyline-farbig-vom-Grafiker-als-Screenshot-20231228-1024x294.png\" class=\"attachment-large size-large wp-image-40\" alt=\"\" srcset=\"https:\/\/jankowski-hausverwaltung.de\/wp-content\/uploads\/2023\/12\/Skyline-farbig-vom-Grafiker-als-Screenshot-20231228-1024x294.png 1024w, https:\/\/jankowski-hausverwaltung.de\/wp-content\/uploads\/2023\/12\/Skyline-farbig-vom-Grafiker-als-Screenshot-20231228-300x86.png 300w, https:\/\/jankowski-hausverwaltung.de\/wp-content\/uploads\/2023\/12\/Skyline-farbig-vom-Grafiker-als-Screenshot-20231228-768x220.png 768w, https:\/\/jankowski-hausverwaltung.de\/wp-content\/uploads\/2023\/12\/Skyline-farbig-vom-Grafiker-als-Screenshot-20231228.png 1321w\" sizes=\"(max-width: 1024px) 100vw, 1024px\" \/>\t\t\t\t\t\t\t\t\t\t\t\t\t\t\t<\/div>\n\t\t\t\t<\/div>\n\t\t\t\t\t<\/div>\n\t\t\t\t<\/div>\n\t\t\t\t<\/div>\n\t\t","protected":false},"excerpt":{"rendered":"<p>Wir f\u00fchren folgende Leistungen und Services aus: Verwaltung von Wohn- und Gesch\u00e4ftsh\u00e4usern Wie es oftmals ist: Als Eigent\u00fcmer einer Immobilie kommen viele rechtliche Fragestellungen auf Sie zu und Sie m\u00fcssen ein gro\u00dfes Netzwerk von Ansprechpartnern pflegen, vielerlei Anliegen bearbeiten und Interessenskonflikte moderieren. Dies alles kostet Sie Zeit und Nerven, erfordert einen sehr hohen Kommunikations- und [&hellip;]<\/p>\n","protected":false},"author":1,"featured_media":0,"parent":160,"menu_order":1,"comment_status":"closed","ping_status":"closed","template":"","meta":{"ocean_post_layout":"","ocean_both_sidebars_style":"","ocean_both_sidebars_content_width":0,"ocean_both_sidebars_sidebars_width":0,"ocean_sidebar":"","ocean_second_sidebar":"","ocean_disable_margins":"enable","ocean_add_body_class":"","ocean_shortcode_before_top_bar":"","ocean_shortcode_after_top_bar":"","ocean_shortcode_before_header":"","ocean_shortcode_after_header":"","ocean_has_shortcode":"","ocean_shortcode_after_title":"","ocean_shortcode_before_footer_widgets":"","ocean_shortcode_after_footer_widgets":"","ocean_shortcode_before_footer_bottom":"","ocean_shortcode_after_footer_bottom":"","ocean_display_top_bar":"default","ocean_display_header":"default","ocean_header_style":"","ocean_center_header_left_menu":"","ocean_custom_header_template":"","ocean_custom_logo":0,"ocean_custom_retina_logo":0,"ocean_custom_logo_max_width":0,"ocean_custom_logo_tablet_max_width":0,"ocean_custom_logo_mobile_max_width":0,"ocean_custom_logo_max_height":0,"ocean_custom_logo_tablet_max_height":0,"ocean_custom_logo_mobile_max_height":0,"ocean_header_custom_menu":"","ocean_menu_typo_font_family":"","ocean_menu_typo_font_subset":"","ocean_menu_typo_font_size":0,"ocean_menu_typo_font_size_tablet":0,"ocean_menu_typo_font_size_mobile":0,"ocean_menu_typo_font_size_unit":"px","ocean_menu_typo_font_weight":"","ocean_menu_typo_font_weight_tablet":"","ocean_menu_typo_font_weight_mobile":"","ocean_menu_typo_transform":"","ocean_menu_typo_transform_tablet":"","ocean_menu_typo_transform_mobile":"","ocean_menu_typo_line_height":0,"ocean_menu_typo_line_height_tablet":0,"ocean_menu_typo_line_height_mobile":0,"ocean_menu_typo_line_height_unit":"","ocean_menu_typo_spacing":0,"ocean_menu_typo_spacing_tablet":0,"ocean_menu_typo_spacing_mobile":0,"ocean_menu_typo_spacing_unit":"","ocean_menu_link_color":"","ocean_menu_link_color_hover":"","ocean_menu_link_color_active":"","ocean_menu_link_background":"","ocean_menu_link_hover_background":"","ocean_menu_link_active_background":"","ocean_menu_social_links_bg":"","ocean_menu_social_hover_links_bg":"","ocean_menu_social_links_color":"","ocean_menu_social_hover_links_color":"","ocean_disable_title":"default","ocean_disable_heading":"default","ocean_post_title":"","ocean_post_subheading":"","ocean_post_title_style":"","ocean_post_title_background_color":"","ocean_post_title_background":0,"ocean_post_title_bg_image_position":"","ocean_post_title_bg_image_attachment":"","ocean_post_title_bg_image_repeat":"","ocean_post_title_bg_image_size":"","ocean_post_title_height":0,"ocean_post_title_bg_overlay":0.5,"ocean_post_title_bg_overlay_color":"","ocean_disable_breadcrumbs":"default","ocean_breadcrumbs_color":"","ocean_breadcrumbs_separator_color":"","ocean_breadcrumbs_links_color":"","ocean_breadcrumbs_links_hover_color":"","ocean_display_footer_widgets":"default","ocean_display_footer_bottom":"default","ocean_custom_footer_template":"","footnotes":""},"class_list":["post-188","page","type-page","status-publish","hentry","entry"],"_links":{"self":[{"href":"https:\/\/jankowski-hausverwaltung.de\/index.php?rest_route=\/wp\/v2\/pages\/188"}],"collection":[{"href":"https:\/\/jankowski-hausverwaltung.de\/index.php?rest_route=\/wp\/v2\/pages"}],"about":[{"href":"https:\/\/jankowski-hausverwaltung.de\/index.php?rest_route=\/wp\/v2\/types\/page"}],"author":[{"embeddable":true,"href":"https:\/\/jankowski-hausverwaltung.de\/index.php?rest_route=\/wp\/v2\/users\/1"}],"replies":[{"embeddable":true,"href":"https:\/\/jankowski-hausverwaltung.de\/index.php?rest_route=%2Fwp%2Fv2%2Fcomments&post=188"}],"version-history":[{"count":40,"href":"https:\/\/jankowski-hausverwaltung.de\/index.php?rest_route=\/wp\/v2\/pages\/188\/revisions"}],"predecessor-version":[{"id":440,"href":"https:\/\/jankowski-hausverwaltung.de\/index.php?rest_route=\/wp\/v2\/pages\/188\/revisions\/440"}],"up":[{"embeddable":true,"href":"https:\/\/jankowski-hausverwaltung.de\/index.php?rest_route=\/wp\/v2\/pages\/160"}],"wp:attachment":[{"href":"https:\/\/jankowski-hausverwaltung.de\/index.php?rest_route=%2Fwp%2Fv2%2Fmedia&parent=188"}],"curies":[{"name":"wp","href":"https:\/\/api.w.org\/{rel}","templated":true}]}}